{"id":8152,"date":"2025-07-03T12:35:40","date_gmt":"2025-07-03T10:35:40","guid":{"rendered":"https:\/\/www.hotelangelus.com\/erklaerung-zur-zugaenglichkeit\/"},"modified":"2026-02-10T16:58:25","modified_gmt":"2026-02-10T15:58:25","slug":"erklaerung-zur-zugaenglichkeit","status":"publish","type":"page","link":"https:\/\/www.hotelangelus.com\/de\/erklaerung-zur-zugaenglichkeit\/","title":{"rendered":"Erkl\u00e4rung zur Zug\u00e4nglichkeit"},"content":{"rendered":"\t\t<div data-elementor-type=\"wp-page\" data-elementor-id=\"8152\" class=\"elementor elementor-8152 elementor-8143\" data-elementor-post-type=\"page\">\n\t\t\t\t<div class=\"elementor-element elementor-element-bab747d e-flex e-con-boxed e-con e-parent\" data-id=\"bab747d\" data-element_type=\"container\" data-e-type=\"container\">\n\t\t\t\t\t<div class=\"e-con-inner\">\n\t\t<div class=\"elementor-element elementor-element-af3eca4 e-con-full e-flex e-con e-child\" data-id=\"af3eca4\" data-element_type=\"container\" data-e-type=\"container\" data-settings=\"{&quot;background_background&quot;:&quot;classic&quot;}\">\n\t\t\t\t<div class=\"elementor-element elementor-element-a37a14f elementor-widget elementor-widget-shortcode\" data-id=\"a37a14f\" data-element_type=\"widget\" data-e-type=\"widget\" data-widget_type=\"shortcode.default\">\n\t\t\t\t<div class=\"elementor-widget-container\">\n\t\t\t\t\t\t\t<div class=\"elementor-shortcode\"><h1>Erkl\u00e4rung zur Zug\u00e4nglichkeit<\/h1><h2>Hotel Angelus<\/h2><p><\/p><p><a href=\"mailto:info@hotelangelus.com\">info@hotelangelus.com<\/a><\/p><p>Ragione Sociale: Volanti Elena<br>\t\r\nSede Legale: V.le Carducci, 5 - 47921 Rimini (RN) - Italia<br>\r\nP.IVA:02156720407 e CF: VLNLNE58L46H294U<br>\r\nCIR: 099014-AL-00081<br>\r\nCIN:IT099014A165WQRRWE\r\n<\/p><p>Die Website wurde am <strong>10 Februar 2022<\/strong> ver\u00f6ffentlicht<br>Die Website wurde am <strong>18 April 2026<\/strong> aktualisiert<\/p><h2>Konformit\u00e4t<\/h2><p>Diese Website ist teilweise konform mit den Anforderungen von Anhang A der Norm UNI CEI EN 301 549 (WCAG 2.1 Stufe AA).<\/p><h2>Nicht barrierefreie Inhalte<\/h2><ul><li>Einige Elemente erf\u00fcllen nicht die Anforderungen an den Farbkontrast<\/li><li>Fokus ist nicht immer sichtbar<\/li><li>Brotkr\u00fcmelnavigation nicht vorhanden<\/li><li>PDF-Dateien sind nicht vollst\u00e4ndig barrierefrei<\/li><\/ul><h2>Erkl\u00e4rung verfasst von Hotel Angelus<\/h2><p>Network Service Srl, basierend auf einer internen Bewertung vom 18 April 2026.<br> Die Erkl\u00e4rung wurde auf Grundlage einer Bewertung gem\u00e4\u00df der Richtlinie (EU) 2016\/2102 erstellt, durch eine Selbsteinsch\u00e4tzung von Network Service Srl mit Unterst\u00fctzung automatisierter Tools.<\/p><h2>Meldung von Problemen<\/h2><p>Sie k\u00f6nnen Barrierefreiheitsprobleme melden an:<br> E-Mail: <span style=\"text-decoration: underline;\"><a href=\"mailto:accessibilita@network-service.it\">accessibilita@network-service.it<\/a><\/span><br> Wir antworten innerhalb von 30 Werktagen.<\/p><h2>Meldung an AgID<\/h2><p>Wenn die Antwort nicht zufriedenstellend ist, k\u00f6nnen Sie eine Meldung an AgID senden: protocollo@pec.agid.gov.it.<\/p><\/div><style>\r\n        h1 { color: var(--e-global-color-primary); font-size: 40px !important; }\r\n        h2 { color: var(--e-global-color-text); font-size: 24px !important; }\r\n        p, a, li  { color: var(--e-global-color-text); font-size: 16px !important; }\r\n    <\/style><\/div>\n\t\t\t\t\t\t<\/div>\n\t\t\t\t<\/div>\n\t\t\t\t<\/div>\n\t\t\t\t\t<\/div>\n\t\t\t\t<\/div>\n\t\t\t\t<\/div>\n\t\t","protected":false},"excerpt":{"rendered":"","protected":false},"author":1,"featured_media":0,"parent":0,"menu_order":0,"comment_status":"closed","ping_status":"closed","template":"","meta":{"_acf_changed":false,"footnotes":""},"folder":[],"class_list":["post-8152","page","type-page","status-publish","hentry"],"acf":[],"_links":{"self":[{"href":"https:\/\/www.hotelangelus.com\/de\/wp-json\/wp\/v2\/pages\/8152","targetHints":{"allow":["GET"]}}],"collection":[{"href":"https:\/\/www.hotelangelus.com\/de\/wp-json\/wp\/v2\/pages"}],"about":[{"href":"https:\/\/www.hotelangelus.com\/de\/wp-json\/wp\/v2\/types\/page"}],"author":[{"embeddable":true,"href":"https:\/\/www.hotelangelus.com\/de\/wp-json\/wp\/v2\/users\/1"}],"replies":[{"embeddable":true,"href":"https:\/\/www.hotelangelus.com\/de\/wp-json\/wp\/v2\/comments?post=8152"}],"version-history":[{"count":2,"href":"https:\/\/www.hotelangelus.com\/de\/wp-json\/wp\/v2\/pages\/8152\/revisions"}],"predecessor-version":[{"id":8878,"href":"https:\/\/www.hotelangelus.com\/de\/wp-json\/wp\/v2\/pages\/8152\/revisions\/8878"}],"wp:attachment":[{"href":"https:\/\/www.hotelangelus.com\/de\/wp-json\/wp\/v2\/media?parent=8152"}],"wp:term":[{"taxonomy":"folder","embeddable":true,"href":"https:\/\/www.hotelangelus.com\/de\/wp-json\/wp\/v2\/folder?post=8152"}],"curies":[{"name":"wp","href":"https:\/\/api.w.org\/{rel}","templated":true}]}}